{"id":911,"date":"2024-06-14T04:24:05","date_gmt":"2024-06-14T02:24:05","guid":{"rendered":"https:\/\/www.vamenia.de\/magazin\/?page_id=911"},"modified":"2026-02-01T18:39:28","modified_gmt":"2026-02-01T17:39:28","slug":"wunschtermin","status":"publish","type":"page","link":"https:\/\/www.vamenia.de\/magazin\/wunschtermin\/","title":{"rendered":""},"content":{"rendered":"\r\n<div class=\"vce-row-container\" data-vce-boxed-width=\"true\">\r\n<div id=\"el-992140b1\" class=\"vce-row vce-row--col-gap-30 vce-row-equal-height vce-row-content--top\" data-vce-do-apply=\"all el-992140b1\">\r\n<div class=\"vce-content-background-container\"><\/div>\r\n<div class=\"vce-row-content\" data-vce-element-content=\"true\">\r\n\r\n\r\n<div id=\"el-22e91605\" class=\"vce-col vce-col--md-auto vce-col--xs-1 vce-col--xs-last vce-col--xs-first vce-col--sm-last vce-col--sm-first vce-col--md-last vce-col--lg-last vce-col--xl-last vce-col--md-first vce-col--lg-first vce-col--xl-first\">\r\n<div class=\"vce-col-inner\" data-vce-do-apply=\"border margin background el-22e91605\">\r\n<div class=\"vce-col-content\" data-vce-element-content=\"true\" data-vce-do-apply=\"padding el-22e91605\">\r\n\r\n\r\n<div class=\"vce-text-block\">\r\n<div id=\"el-56739955\" class=\"vce-text-block-wrapper vce\" data-vce-do-apply=\"all el-56739955\">\r\n<div>\r\n<div>\r\n<figure class=\"wp-block-gallery has-nested-images columns-default is-cropped wp-block-gallery-1 is-layout-flex wp-block-gallery-is-layout-flex\">\r\n<figure class=\"wp-block-image size-large\"><img loading=\"lazy\" decoding=\"async\" class=\"wp-image-1335 aligncenter\" src=\"https:\/\/www.vamenia.de\/magazin\/wp-content\/uploads\/2026\/02\/2V6A0692-300x200.jpg\" alt=\"\" width=\"905\" height=\"603\" data-id=\"920\" srcset=\"https:\/\/www.vamenia.de\/magazin\/wp-content\/uploads\/2026\/02\/2V6A0692-300x200.jpg 300w, https:\/\/www.vamenia.de\/magazin\/wp-content\/uploads\/2026\/02\/2V6A0692-1024x683.jpg 1024w, https:\/\/www.vamenia.de\/magazin\/wp-content\/uploads\/2026\/02\/2V6A0692-768x512.jpg 768w, https:\/\/www.vamenia.de\/magazin\/wp-content\/uploads\/2026\/02\/2V6A0692-1536x1024.jpg 1536w, https:\/\/www.vamenia.de\/magazin\/wp-content\/uploads\/2026\/02\/2V6A0692-2048x1365.jpg 2048w, https:\/\/www.vamenia.de\/magazin\/wp-content\/uploads\/2026\/02\/2V6A0692-320x213.jpg 320w, https:\/\/www.vamenia.de\/magazin\/wp-content\/uploads\/2026\/02\/2V6A0692-480x320.jpg 480w, https:\/\/www.vamenia.de\/magazin\/wp-content\/uploads\/2026\/02\/2V6A0692-800x533.jpg 800w, https:\/\/www.vamenia.de\/magazin\/wp-content\/uploads\/2026\/02\/2V6A0692-735x490.jpg 735w\" sizes=\"auto, (max-width: 905px) 100vw, 905px\" \/><\/figure>\r\n<\/figure>\r\n<\/div>\r\n<div><!-- Instagram Feed JS --><\/div>\r\n&nbsp;\r\n\r\n<\/div>\r\n<div><!-- Instagram Feed JS --><\/div>\r\n<\/div>\r\n<\/div>\r\n\r\n<div class=\"vce-text-block\">\r\n<div id=\"el-319c55d2\" class=\"vce-text-block-wrapper vce\" data-vce-do-apply=\"all el-319c55d2\">\r\n<p style=\"text-align: center;\"><strong><span style=\"font-size: 14pt;\">VAMENIA Store AEZ\r\n\r\nHeegbarg 31 - 22391 HAMBURG<\/span><\/strong><\/p>\r\n\r\n<\/div>\r\n<\/div>\r\n\r\n<div class=\"vce-text-block\">\r\n<div id=\"el-d54dacfa\" class=\"vce-text-block-wrapper vce\" data-vce-do-apply=\"all el-d54dacfa\">\r\n<h2 style=\"line-height: inherit;\"><span style=\"caret-color: #000000; color: #000000; font-style: inherit; letter-spacing: inherit; text-align: start; font-size: 14pt;\">Vereinbaren Sie einen exklusiven Termin bei VAMENIA und genie\u00dfen Sie unser besonderes Service-Erlebnis. Lassen Sie sich bei einem erfrischenden Getr\u00e4nk Ihr pers\u00f6nliches Produkt vorstellen und individualisieren.\r\nWir freuen uns auf Ihren Besuch.<\/span><\/h2>\r\n<\/div>\r\n<\/div>\r\n\r\n\r\n<\/div>\r\n<\/div>\r\n<\/div>\r\n\r\n\r\n<\/div>\r\n<\/div>\r\n<\/div>\r\n\r\n<div class=\"vce-row-container\" data-vce-boxed-width=\"true\">\r\n<div id=\"el-ec422932\" class=\"vce-row vce-row--col-gap-30 vce-row-equal-height vce-row-content--top\" data-vce-do-apply=\"all el-ec422932\">\r\n<div class=\"vce-row-content\" data-vce-element-content=\"true\">\r\n\r\n\r\n<div id=\"el-ceea4dee\" class=\"vce-col vce-col--md-auto vce-col--xs-1 vce-col--xs-last vce-col--xs-first vce-col--sm-last vce-col--sm-first vce-col--md-last vce-col--lg-last vce-col--xl-last vce-col--md-first vce-col--lg-first vce-col--xl-first\">\r\n<div class=\"vce-col-inner\" data-vce-do-apply=\"border margin background el-ceea4dee\">\r\n<div class=\"vce-col-content\" data-vce-element-content=\"true\" data-vce-do-apply=\"padding el-ceea4dee\">\r\n\r\n\r\n<div class=\"vce-shortcode\">\r\n<div id=\"el-5a4a8d92\" class=\"vce-shortcode-wrapper vce\" data-vce-do-apply=\"all el-5a4a8d92\"><iframe src=\"https:\/\/www.vamenia.de\/magazin\/wp-json\/ssa\/v1\/embed-inner?integration&type&label&types&edit&view&payment_provider&ssa_locale=de_DE&ssa_is_rtl&sid=ef115dfa174502ec3949d7d57597727fe5acdc3d&availability_start_date&availability_end_date&suggest_first_available&suggest_first_available_within_minutes&flow&fallback_flow&time_view&date_view&appointment_types_view&version&accent_color&background&padding&font&booking_url=https%3A%2F%2Fwww.vamenia.de%2Fmagazin%2Fwunschtermin%2F&booking_post_id=911&booking_title&_wpnonce=1429bfc0e7&redirect_post_id&defer&mepr_membership_id#\/\" height=\"400px\" width=\"100%\" name=\"ssa_booking\" loading=\"eager\" frameborder=\"0\" data-skip-lazy=\"1\" class=\"ssa_booking_iframe skip-lazy\" title=\"Buche eine Uhrzeit\"><\/iframe><\/div>\r\n<\/div>\r\n\r\n\r\n<\/div>\r\n<\/div>\r\n<\/div>\r\n\r\n\r\n<\/div>\r\n<\/div>\r\n<\/div>\r\n\n","protected":false},"excerpt":{"rendered":"<p>&nbsp; VAMENIA Store AEZ Heegbarg 31 &#8211; 22391 HAMBURG Vereinbaren Sie einen exklusiven Termin bei VAMENIA und genie\u00dfen Sie unser besonderes Service-Erlebnis. Lassen Sie sich bei einem erfrischenden Getr\u00e4nk Ihr pers\u00f6nliches Produkt vorstellen und individualisieren. Wir freuen uns auf Ihren Besuch.<\/p>\n","protected":false},"author":1,"featured_media":0,"parent":0,"menu_order":0,"comment_status":"closed","ping_status":"closed","template":"","meta":{"cybocfi_hide_featured_image":"","footnotes":""},"class_list":["post-911","page","type-page","status-publish","hentry"],"yoast_head":"<!-- This site is optimized with the Yoast SEO plugin v27.5 - https:\/\/yoast.com\/product\/yoast-seo-wordpress\/ -->\n<title>- VAMENIA Magazin<\/title>\n<meta name=\"robots\" content=\"index, follow, max-snippet:-1, max-image-preview:large, max-video-preview:-1\" \/>\n<link rel=\"canonical\" href=\"https:\/\/www.vamenia.de\/magazin\/wunschtermin\/\" \/>\n<meta property=\"og:locale\" content=\"de_DE\" \/>\n<meta property=\"og:type\" content=\"article\" \/>\n<meta property=\"og:title\" content=\"- VAMENIA Magazin\" \/>\n<meta property=\"og:description\" content=\"&nbsp; VAMENIA Store AEZ Heegbarg 31 - 22391 HAMBURG Vereinbaren Sie einen exklusiven Termin bei VAMENIA und genie\u00dfen Sie unser besonderes Service-Erlebnis. Lassen Sie sich bei einem erfrischenden Getr\u00e4nk Ihr pers\u00f6nliches Produkt vorstellen und individualisieren. Wir freuen uns auf Ihren Besuch.\" \/>\n<meta property=\"og:url\" content=\"https:\/\/www.vamenia.de\/magazin\/wunschtermin\/\" \/>\n<meta property=\"og:site_name\" content=\"VAMENIA Magazin\" \/>\n<meta property=\"article:modified_time\" content=\"2026-02-01T17:39:28+00:00\" \/>\n<meta property=\"og:image\" content=\"https:\/\/www.vamenia.de\/magazin\/wp-content\/uploads\/2026\/02\/2V6A0692-scaled.jpg\" \/>\n\t<meta property=\"og:image:width\" content=\"2560\" \/>\n\t<meta property=\"og:image:height\" content=\"1707\" \/>\n\t<meta property=\"og:image:type\" content=\"image\/jpeg\" \/>\n<meta name=\"twitter:card\" content=\"summary_large_image\" \/>\n<meta name=\"twitter:label1\" content=\"Gesch\u00e4tzte Lesezeit\" \/>\n\t<meta name=\"twitter:data1\" content=\"1\u00a0Minute\" \/>\n<script type=\"application\/ld+json\" class=\"yoast-schema-graph\">{\"@context\":\"https:\\\/\\\/schema.org\",\"@graph\":[{\"@type\":\"WebPage\",\"@id\":\"https:\\\/\\\/www.vamenia.de\\\/magazin\\\/wunschtermin\\\/\",\"url\":\"https:\\\/\\\/www.vamenia.de\\\/magazin\\\/wunschtermin\\\/\",\"name\":\"- VAMENIA Magazin\",\"isPartOf\":{\"@id\":\"https:\\\/\\\/www.vamenia.de\\\/magazin\\\/#website\"},\"primaryImageOfPage\":{\"@id\":\"https:\\\/\\\/www.vamenia.de\\\/magazin\\\/wunschtermin\\\/#primaryimage\"},\"image\":{\"@id\":\"https:\\\/\\\/www.vamenia.de\\\/magazin\\\/wunschtermin\\\/#primaryimage\"},\"thumbnailUrl\":\"https:\\\/\\\/www.vamenia.de\\\/magazin\\\/wp-content\\\/uploads\\\/2026\\\/02\\\/2V6A0692-300x200.jpg\",\"datePublished\":\"2024-06-14T02:24:05+00:00\",\"dateModified\":\"2026-02-01T17:39:28+00:00\",\"inLanguage\":\"de\",\"potentialAction\":[{\"@type\":\"ReadAction\",\"target\":[\"https:\\\/\\\/www.vamenia.de\\\/magazin\\\/wunschtermin\\\/\"]}]},{\"@type\":\"ImageObject\",\"inLanguage\":\"de\",\"@id\":\"https:\\\/\\\/www.vamenia.de\\\/magazin\\\/wunschtermin\\\/#primaryimage\",\"url\":\"https:\\\/\\\/www.vamenia.de\\\/magazin\\\/wp-content\\\/uploads\\\/2026\\\/02\\\/2V6A0692-scaled.jpg\",\"contentUrl\":\"https:\\\/\\\/www.vamenia.de\\\/magazin\\\/wp-content\\\/uploads\\\/2026\\\/02\\\/2V6A0692-scaled.jpg\",\"width\":2560,\"height\":1707},{\"@type\":\"WebSite\",\"@id\":\"https:\\\/\\\/www.vamenia.de\\\/magazin\\\/#website\",\"url\":\"https:\\\/\\\/www.vamenia.de\\\/magazin\\\/\",\"name\":\"VAMENIA Magazin\",\"description\":\"In unserem Magazin erhalten Sie exklusive Einblicke in Kollektionen, Produktion, Mitarbeiter und Zukunftsprojekten von VAMENIA.\",\"potentialAction\":[{\"@type\":\"SearchAction\",\"target\":{\"@type\":\"EntryPoint\",\"urlTemplate\":\"https:\\\/\\\/www.vamenia.de\\\/magazin\\\/?s={search_term_string}\"},\"query-input\":{\"@type\":\"PropertyValueSpecification\",\"valueRequired\":true,\"valueName\":\"search_term_string\"}}],\"inLanguage\":\"de\"}]}<\/script>\n<!-- \/ Yoast SEO plugin. -->","yoast_head_json":{"title":"- VAMENIA Magazin","robots":{"index":"index","follow":"follow","max-snippet":"max-snippet:-1","max-image-preview":"max-image-preview:large","max-video-preview":"max-video-preview:-1"},"canonical":"https:\/\/www.vamenia.de\/magazin\/wunschtermin\/","og_locale":"de_DE","og_type":"article","og_title":"- VAMENIA Magazin","og_description":"&nbsp; VAMENIA Store AEZ Heegbarg 31 - 22391 HAMBURG Vereinbaren Sie einen exklusiven Termin bei VAMENIA und genie\u00dfen Sie unser besonderes Service-Erlebnis. Lassen Sie sich bei einem erfrischenden Getr\u00e4nk Ihr pers\u00f6nliches Produkt vorstellen und individualisieren. Wir freuen uns auf Ihren Besuch.","og_url":"https:\/\/www.vamenia.de\/magazin\/wunschtermin\/","og_site_name":"VAMENIA Magazin","article_modified_time":"2026-02-01T17:39:28+00:00","og_image":[{"width":2560,"height":1707,"url":"https:\/\/www.vamenia.de\/magazin\/wp-content\/uploads\/2026\/02\/2V6A0692-scaled.jpg","type":"image\/jpeg"}],"twitter_card":"summary_large_image","twitter_misc":{"Gesch\u00e4tzte Lesezeit":"1\u00a0Minute"},"schema":{"@context":"https:\/\/schema.org","@graph":[{"@type":"WebPage","@id":"https:\/\/www.vamenia.de\/magazin\/wunschtermin\/","url":"https:\/\/www.vamenia.de\/magazin\/wunschtermin\/","name":"- VAMENIA Magazin","isPartOf":{"@id":"https:\/\/www.vamenia.de\/magazin\/#website"},"primaryImageOfPage":{"@id":"https:\/\/www.vamenia.de\/magazin\/wunschtermin\/#primaryimage"},"image":{"@id":"https:\/\/www.vamenia.de\/magazin\/wunschtermin\/#primaryimage"},"thumbnailUrl":"https:\/\/www.vamenia.de\/magazin\/wp-content\/uploads\/2026\/02\/2V6A0692-300x200.jpg","datePublished":"2024-06-14T02:24:05+00:00","dateModified":"2026-02-01T17:39:28+00:00","inLanguage":"de","potentialAction":[{"@type":"ReadAction","target":["https:\/\/www.vamenia.de\/magazin\/wunschtermin\/"]}]},{"@type":"ImageObject","inLanguage":"de","@id":"https:\/\/www.vamenia.de\/magazin\/wunschtermin\/#primaryimage","url":"https:\/\/www.vamenia.de\/magazin\/wp-content\/uploads\/2026\/02\/2V6A0692-scaled.jpg","contentUrl":"https:\/\/www.vamenia.de\/magazin\/wp-content\/uploads\/2026\/02\/2V6A0692-scaled.jpg","width":2560,"height":1707},{"@type":"WebSite","@id":"https:\/\/www.vamenia.de\/magazin\/#website","url":"https:\/\/www.vamenia.de\/magazin\/","name":"VAMENIA Magazin","description":"In unserem Magazin erhalten Sie exklusive Einblicke in Kollektionen, Produktion, Mitarbeiter und Zukunftsprojekten von VAMENIA.","potentialAction":[{"@type":"SearchAction","target":{"@type":"EntryPoint","urlTemplate":"https:\/\/www.vamenia.de\/magazin\/?s={search_term_string}"},"query-input":{"@type":"PropertyValueSpecification","valueRequired":true,"valueName":"search_term_string"}}],"inLanguage":"de"}]}},"_links":{"self":[{"href":"https:\/\/www.vamenia.de\/magazin\/wp-json\/wp\/v2\/pages\/911","targetHints":{"allow":["GET"]}}],"collection":[{"href":"https:\/\/www.vamenia.de\/magazin\/wp-json\/wp\/v2\/pages"}],"about":[{"href":"https:\/\/www.vamenia.de\/magazin\/wp-json\/wp\/v2\/types\/page"}],"author":[{"embeddable":true,"href":"https:\/\/www.vamenia.de\/magazin\/wp-json\/wp\/v2\/users\/1"}],"replies":[{"embeddable":true,"href":"https:\/\/www.vamenia.de\/magazin\/wp-json\/wp\/v2\/comments?post=911"}],"version-history":[{"count":33,"href":"https:\/\/www.vamenia.de\/magazin\/wp-json\/wp\/v2\/pages\/911\/revisions"}],"predecessor-version":[{"id":1339,"href":"https:\/\/www.vamenia.de\/magazin\/wp-json\/wp\/v2\/pages\/911\/revisions\/1339"}],"wp:attachment":[{"href":"https:\/\/www.vamenia.de\/magazin\/wp-json\/wp\/v2\/media?parent=911"}],"curies":[{"name":"wp","href":"https:\/\/api.w.org\/{rel}","templated":true}]}}