{"id":243,"date":"2021-11-24T18:22:02","date_gmt":"2021-11-24T17:22:02","guid":{"rendered":"https:\/\/www.vamenia.de\/magazin\/?page_id=243"},"modified":"2021-12-03T17:40:53","modified_gmt":"2021-12-03T16:40:53","slug":"atlantic","status":"publish","type":"page","link":"https:\/\/www.vamenia.de\/magazin\/vamenia-stores\/atlantic\/","title":{"rendered":"HOTEL ATLANTIC HAMBURG"},"content":{"rendered":"\n<div style=\"height:20px\" aria-hidden=\"true\" class=\"wp-block-spacer\"><\/div>\n\n\n\n<figure class=\"wp-block-image size-large\"><img loading=\"lazy\" decoding=\"async\" width=\"1024\" height=\"682\" src=\"https:\/\/www.vamenia.de\/magazin\/wp-content\/uploads\/2021\/11\/Hotel_Atlantic_VAMENIA1-1024x682.jpg\" alt=\"\" class=\"wp-image-244\" srcset=\"https:\/\/www.vamenia.de\/magazin\/wp-content\/uploads\/2021\/11\/Hotel_Atlantic_VAMENIA1-1024x682.jpg 1024w, https:\/\/www.vamenia.de\/magazin\/wp-content\/uploads\/2021\/11\/Hotel_Atlantic_VAMENIA1-300x200.jpg 300w, https:\/\/www.vamenia.de\/magazin\/wp-content\/uploads\/2021\/11\/Hotel_Atlantic_VAMENIA1-768x512.jpg 768w, https:\/\/www.vamenia.de\/magazin\/wp-content\/uploads\/2021\/11\/Hotel_Atlantic_VAMENIA1-1536x1024.jpg 1536w, https:\/\/www.vamenia.de\/magazin\/wp-content\/uploads\/2021\/11\/Hotel_Atlantic_VAMENIA1-2048x1365.jpg 2048w, https:\/\/www.vamenia.de\/magazin\/wp-content\/uploads\/2021\/11\/Hotel_Atlantic_VAMENIA1-735x490.jpg 735w\" sizes=\"auto, (max-width: 1024px) 100vw, 1024px\" \/><\/figure>\n\n\n\n<div style=\"height:20px\" aria-hidden=\"true\" class=\"wp-block-spacer\"><\/div>\n\n\n\n<hr class=\"wp-block-separator\"\/>\n\n\n\n<p style=\"font-size:22px\" class=\"has-text-align-center\">Das wei\u00dfe Schloss an der Alster<\/p>\n\n\n\n<p style=\"font-size:17px\" class=\"has-text-align-center\"><em>Auf einzigartige Weise vereint das Hotel Atlantic die Tradition mit der Moderne und repr\u00e4sentiert mehr als zuvor exquisiten Grandhotel Stil mit europ\u00e4ischem Flair. Direkt an der Au\u00dfenalster gelegen, stellt es seit 1909 einen eindrucksvollen Ort inmitten der Hansestadt dar. Das Hotel vermittelt Echtheit, Aufregung und doch zu gleich Ruhe und Stille. In den au\u00dfergew\u00f6hnlichen Balls\u00e4len tobt das Leben unterschiedlicher Gesellschaften. Und genau das ist der Grund warum VAMENIA seine erste Kooperation der Firmengeschichte mit dem Hotel Atlantic begann. <br> <br> Das Reisen und die Abenteuer, die dabei entstehen, verbindet die G\u00e4ste und Kunden beider Unternehmen. Aus einer kleinen Idee wurde etwas Wunderbares, eine Leder-Kollektion f\u00fcr die G\u00e4ste des Hauses. VAMENIA kreierte gemeinsam mit dem Traditionshaus seine erste Reisekollektion aus den feinsten Materialien. Das erste Reiseetui aus der \u201eThe Secret\u201c Kollektion l\u00e4sst sich fast k\u00f6niglich anmuten. Das feinste Kalbsleder designt im klassischen Stil, mit ausgew\u00e4hlten Details und einer besonderen Haptik tr\u00e4gt das h\u00f6chste Qualit\u00e4tssiegel der Welt &#8211;&nbsp; Handmade in Germany. &nbsp;<\/em><\/p>\n\n\n\n<hr class=\"wp-block-separator\"\/>\n\n\n\n<div style=\"height:20px\" aria-hidden=\"true\" class=\"wp-block-spacer\"><\/div>\n\n\n\n<figure class=\"wp-block-image size-large\"><img loading=\"lazy\" decoding=\"async\" width=\"1024\" height=\"683\" src=\"https:\/\/www.vamenia.de\/magazin\/wp-content\/uploads\/2021\/11\/AF8I0195-2-1024x683.jpg\" alt=\"\" class=\"wp-image-254\" srcset=\"https:\/\/www.vamenia.de\/magazin\/wp-content\/uploads\/2021\/11\/AF8I0195-2-1024x683.jpg 1024w, https:\/\/www.vamenia.de\/magazin\/wp-content\/uploads\/2021\/11\/AF8I0195-2-300x200.jpg 300w, https:\/\/www.vamenia.de\/magazin\/wp-content\/uploads\/2021\/11\/AF8I0195-2-768x512.jpg 768w, https:\/\/www.vamenia.de\/magazin\/wp-content\/uploads\/2021\/11\/AF8I0195-2-1536x1024.jpg 1536w, https:\/\/www.vamenia.de\/magazin\/wp-content\/uploads\/2021\/11\/AF8I0195-2-2048x1365.jpg 2048w, https:\/\/www.vamenia.de\/magazin\/wp-content\/uploads\/2021\/11\/AF8I0195-2-735x490.jpg 735w\" sizes=\"auto, (max-width: 1024px) 100vw, 1024px\" \/><\/figure>\n\n\n\n<div class=\"wp-block-columns is-layout-flex wp-container-core-columns-is-layout-9d6595d7 wp-block-columns-is-layout-flex\">\n<div class=\"wp-block-column is-layout-flow wp-block-column-is-layout-flow\">\n<figure class=\"wp-block-image size-large\"><img loading=\"lazy\" decoding=\"async\" width=\"683\" height=\"1024\" src=\"https:\/\/www.vamenia.de\/magazin\/wp-content\/uploads\/2021\/11\/AF8I0197-683x1024.jpg\" alt=\"\" class=\"wp-image-255\" srcset=\"https:\/\/www.vamenia.de\/magazin\/wp-content\/uploads\/2021\/11\/AF8I0197-683x1024.jpg 683w, https:\/\/www.vamenia.de\/magazin\/wp-content\/uploads\/2021\/11\/AF8I0197-200x300.jpg 200w, https:\/\/www.vamenia.de\/magazin\/wp-content\/uploads\/2021\/11\/AF8I0197-768x1152.jpg 768w, https:\/\/www.vamenia.de\/magazin\/wp-content\/uploads\/2021\/11\/AF8I0197-1024x1536.jpg 1024w, https:\/\/www.vamenia.de\/magazin\/wp-content\/uploads\/2021\/11\/AF8I0197-1365x2048.jpg 1365w, https:\/\/www.vamenia.de\/magazin\/wp-content\/uploads\/2021\/11\/AF8I0197-scaled.jpg 1707w\" sizes=\"auto, (max-width: 683px) 100vw, 683px\" \/><\/figure>\n<\/div>\n\n\n\n<div class=\"wp-block-column is-layout-flow wp-block-column-is-layout-flow\">\n<div class=\"wp-block-image\"><figure class=\"aligncenter size-large\"><img loading=\"lazy\" decoding=\"async\" width=\"1024\" height=\"683\" src=\"https:\/\/www.vamenia.de\/magazin\/wp-content\/uploads\/2021\/11\/AF8I0224-1024x683.jpg\" alt=\"\" class=\"wp-image-256\" srcset=\"https:\/\/www.vamenia.de\/magazin\/wp-content\/uploads\/2021\/11\/AF8I0224-1024x683.jpg 1024w, https:\/\/www.vamenia.de\/magazin\/wp-content\/uploads\/2021\/11\/AF8I0224-300x200.jpg 300w, https:\/\/www.vamenia.de\/magazin\/wp-content\/uploads\/2021\/11\/AF8I0224-768x512.jpg 768w, https:\/\/www.vamenia.de\/magazin\/wp-content\/uploads\/2021\/11\/AF8I0224-1536x1024.jpg 1536w, https:\/\/www.vamenia.de\/magazin\/wp-content\/uploads\/2021\/11\/AF8I0224-2048x1365.jpg 2048w, https:\/\/www.vamenia.de\/magazin\/wp-content\/uploads\/2021\/11\/AF8I0224-735x490.jpg 735w\" sizes=\"auto, (max-width: 1024px) 100vw, 1024px\" \/><\/figure><\/div>\n\n\n\n<div style=\"height:20px\" aria-hidden=\"true\" class=\"wp-block-spacer\"><\/div>\n\n\n\n<div class=\"wp-block-image\"><figure class=\"aligncenter size-large\"><img loading=\"lazy\" decoding=\"async\" width=\"1024\" height=\"683\" src=\"https:\/\/www.vamenia.de\/magazin\/wp-content\/uploads\/2021\/11\/AF8I0235-1024x683.jpg\" alt=\"\" class=\"wp-image-258\" srcset=\"https:\/\/www.vamenia.de\/magazin\/wp-content\/uploads\/2021\/11\/AF8I0235-1024x683.jpg 1024w, https:\/\/www.vamenia.de\/magazin\/wp-content\/uploads\/2021\/11\/AF8I0235-300x200.jpg 300w, https:\/\/www.vamenia.de\/magazin\/wp-content\/uploads\/2021\/11\/AF8I0235-768x512.jpg 768w, https:\/\/www.vamenia.de\/magazin\/wp-content\/uploads\/2021\/11\/AF8I0235-1536x1024.jpg 1536w, https:\/\/www.vamenia.de\/magazin\/wp-content\/uploads\/2021\/11\/AF8I0235-2048x1365.jpg 2048w, https:\/\/www.vamenia.de\/magazin\/wp-content\/uploads\/2021\/11\/AF8I0235-735x490.jpg 735w\" sizes=\"auto, (max-width: 1024px) 100vw, 1024px\" \/><\/figure><\/div>\n<\/div>\n\n\n\n<div class=\"wp-block-column is-layout-flow wp-block-column-is-layout-flow\">\n<figure class=\"wp-block-image size-large\"><img loading=\"lazy\" decoding=\"async\" width=\"683\" height=\"1024\" src=\"https:\/\/www.vamenia.de\/magazin\/wp-content\/uploads\/2021\/11\/AF8I0242-683x1024.jpg\" alt=\"\" class=\"wp-image-257\" srcset=\"https:\/\/www.vamenia.de\/magazin\/wp-content\/uploads\/2021\/11\/AF8I0242-683x1024.jpg 683w, https:\/\/www.vamenia.de\/magazin\/wp-content\/uploads\/2021\/11\/AF8I0242-200x300.jpg 200w, https:\/\/www.vamenia.de\/magazin\/wp-content\/uploads\/2021\/11\/AF8I0242-768x1152.jpg 768w, https:\/\/www.vamenia.de\/magazin\/wp-content\/uploads\/2021\/11\/AF8I0242-1024x1536.jpg 1024w, https:\/\/www.vamenia.de\/magazin\/wp-content\/uploads\/2021\/11\/AF8I0242-1365x2048.jpg 1365w, https:\/\/www.vamenia.de\/magazin\/wp-content\/uploads\/2021\/11\/AF8I0242-scaled.jpg 1707w\" sizes=\"auto, (max-width: 683px) 100vw, 683px\" \/><\/figure>\n<\/div>\n<\/div>\n\n\n\n<p><\/p>\n\n\n\n<div class=\"atlanticvideo\">\n<video controls=\"\" height=\"auto\" poster=\"https:\/\/www.vamenia.de\/media\/video\/VAMENIA-HOTEL-ATLANTIC-HAMBURG.jpg\" src=\"https:\/\/www.vamenia.de\/media\/video\/VAMENIA-HOTEL-ATLANTIC.mp4\" width=\"100%\" max-width=\"500px\">Dies Video kann in Ihrem Browser nicht wiedergegeben werden.<br>\n\t\t\tEine Download-Version steht <a href=\"https:\/\/www.vamenia.de\/media\/video\/VAMENIA-HOTEL-ATLANTIC.mp4\">hier<\/a> zum Abruf bereit.<\/video>\n<\/div>\n\n\n\n<p><\/p>\n\n\n\n<div class=\"wp-block-columns is-layout-flex wp-container-core-columns-is-layout-9d6595d7 wp-block-columns-is-layout-flex\">\n<div class=\"wp-block-column is-layout-flow wp-block-column-is-layout-flow\">\n<h3 class=\"wp-block-heading\">Exklusive Atlantic Kollektion | An der Alster 72-79, 20099 Hamburg<\/h3>\n\n\n\n<p style=\"font-size:18px\"><strong>Hotel Atlantic Hamburg<br>An der Alster 72-79<br>20099 Hamburg<\/strong><\/p>\n\n\n\n<div style=\"height:44px\" aria-hidden=\"true\" class=\"wp-block-spacer\"><\/div>\n\n\n\n<p style=\"font-size:17px\">Tel.:&nbsp;+49 (0) 40 \u2013 39 10 6018 <br>E-Mail:&nbsp;<a href=\"mailto:hamburg@vamenia.de\">hamburg@vamenia.de<\/a><\/p>\n\n\n\n<div style=\"height:44px\" aria-hidden=\"true\" class=\"wp-block-spacer\"><\/div>\n\n\n\n<p style=\"font-size:17px\">\u00d6ffnungszeiten: Mo.-So.: 24\/7 ge\u00f6ffnet<\/p>\n<\/div>\n\n\n\n<div class=\"wp-block-column is-layout-flow wp-block-column-is-layout-flow\">\n<iframe src=\"https:\/\/www.google.com\/maps\/embed?pb=!1m18!1m12!1m3!1d2370.055703684978!2d10.002831316209392!3d53.55677308002362!2m3!1f0!2f0!3f0!3m2!1i1024!2i768!4f13.1!3m3!1m2!1s0x47b18edfd9ec6563%3A0xb26bb10480acf3ef!2sHotel%20Atlantic%20Hamburg!5e0!3m2!1sde!2sde!4v1637774287141!5m2!1sde!2sde\" width=\"600\" height=\"450\" style=\"border:0;\" allowfullscreen=\"\" loading=\"lazy\"><\/iframe>\n<\/div>\n<\/div>\n","protected":false},"excerpt":{"rendered":"<p>Das wei\u00dfe Schloss an der Alster Auf einzigartige Weise vereint das Hotel Atlantic die Tradition mit der Moderne und repr\u00e4sentiert mehr als zuvor exquisiten Grandhotel Stil mit europ\u00e4ischem Flair. Direkt an der Au\u00dfenalster gelegen, stellt es seit 1909 einen eindrucksvollen Ort inmitten der Hansestadt dar. Das Hotel vermittelt Echtheit, Aufregung und doch zu gleich Ruhe [&hellip;]<\/p>\n","protected":false},"author":1,"featured_media":0,"parent":181,"menu_order":0,"comment_status":"closed","ping_status":"closed","template":"template-fullwidth.php","meta":{"cybocfi_hide_featured_image":"","footnotes":""},"class_list":["post-243","page","type-page","status-publish","hentry"],"yoast_head":"<!-- This site is optimized with the Yoast SEO plugin v27.5 - https:\/\/yoast.com\/product\/yoast-seo-wordpress\/ -->\n<title>HOTEL ATLANTIC HAMBURG - VAMENIA Magazin<\/title>\n<meta name=\"robots\" content=\"index, follow, max-snippet:-1, max-image-preview:large, max-video-preview:-1\" \/>\n<link rel=\"canonical\" href=\"https:\/\/www.vamenia.de\/magazin\/vamenia-stores\/atlantic\/\" \/>\n<meta property=\"og:locale\" content=\"de_DE\" \/>\n<meta property=\"og:type\" content=\"article\" \/>\n<meta property=\"og:title\" content=\"HOTEL ATLANTIC HAMBURG - VAMENIA Magazin\" \/>\n<meta property=\"og:description\" content=\"Das wei\u00dfe Schloss an der Alster Auf einzigartige Weise vereint das Hotel Atlantic die Tradition mit der Moderne und repr\u00e4sentiert mehr als zuvor exquisiten Grandhotel Stil mit europ\u00e4ischem Flair. Direkt an der Au\u00dfenalster gelegen, stellt es seit 1909 einen eindrucksvollen Ort inmitten der Hansestadt dar. Das Hotel vermittelt Echtheit, Aufregung und doch zu gleich Ruhe [&hellip;]\" \/>\n<meta property=\"og:url\" content=\"https:\/\/www.vamenia.de\/magazin\/vamenia-stores\/atlantic\/\" \/>\n<meta property=\"og:site_name\" content=\"VAMENIA Magazin\" \/>\n<meta property=\"article:modified_time\" content=\"2021-12-03T16:40:53+00:00\" \/>\n<meta property=\"og:image\" content=\"https:\/\/www.vamenia.de\/magazin\/wp-content\/uploads\/2021\/11\/Hotel_Atlantic_VAMENIA1-1024x682.jpg\" \/>\n<meta name=\"twitter:card\" content=\"summary_large_image\" \/>\n<meta name=\"twitter:label1\" content=\"Gesch\u00e4tzte Lesezeit\" \/>\n\t<meta name=\"twitter:data1\" content=\"1\u00a0Minute\" \/>\n<script type=\"application\/ld+json\" class=\"yoast-schema-graph\">{\"@context\":\"https:\\\/\\\/schema.org\",\"@graph\":[{\"@type\":\"WebPage\",\"@id\":\"https:\\\/\\\/www.vamenia.de\\\/magazin\\\/vamenia-stores\\\/atlantic\\\/\",\"url\":\"https:\\\/\\\/www.vamenia.de\\\/magazin\\\/vamenia-stores\\\/atlantic\\\/\",\"name\":\"HOTEL ATLANTIC HAMBURG - VAMENIA Magazin\",\"isPartOf\":{\"@id\":\"https:\\\/\\\/www.vamenia.de\\\/magazin\\\/#website\"},\"primaryImageOfPage\":{\"@id\":\"https:\\\/\\\/www.vamenia.de\\\/magazin\\\/vamenia-stores\\\/atlantic\\\/#primaryimage\"},\"image\":{\"@id\":\"https:\\\/\\\/www.vamenia.de\\\/magazin\\\/vamenia-stores\\\/atlantic\\\/#primaryimage\"},\"thumbnailUrl\":\"https:\\\/\\\/www.vamenia.de\\\/magazin\\\/wp-content\\\/uploads\\\/2021\\\/11\\\/Hotel_Atlantic_VAMENIA1-1024x682.jpg\",\"datePublished\":\"2021-11-24T17:22:02+00:00\",\"dateModified\":\"2021-12-03T16:40:53+00:00\",\"breadcrumb\":{\"@id\":\"https:\\\/\\\/www.vamenia.de\\\/magazin\\\/vamenia-stores\\\/atlantic\\\/#breadcrumb\"},\"inLanguage\":\"de\",\"potentialAction\":[{\"@type\":\"ReadAction\",\"target\":[\"https:\\\/\\\/www.vamenia.de\\\/magazin\\\/vamenia-stores\\\/atlantic\\\/\"]}]},{\"@type\":\"ImageObject\",\"inLanguage\":\"de\",\"@id\":\"https:\\\/\\\/www.vamenia.de\\\/magazin\\\/vamenia-stores\\\/atlantic\\\/#primaryimage\",\"url\":\"https:\\\/\\\/www.vamenia.de\\\/magazin\\\/wp-content\\\/uploads\\\/2021\\\/11\\\/Hotel_Atlantic_VAMENIA1-1024x682.jpg\",\"contentUrl\":\"https:\\\/\\\/www.vamenia.de\\\/magazin\\\/wp-content\\\/uploads\\\/2021\\\/11\\\/Hotel_Atlantic_VAMENIA1-1024x682.jpg\"},{\"@type\":\"BreadcrumbList\",\"@id\":\"https:\\\/\\\/www.vamenia.de\\\/magazin\\\/vamenia-stores\\\/atlantic\\\/#breadcrumb\",\"itemListElement\":[{\"@type\":\"ListItem\",\"position\":1,\"name\":\"Startseite\",\"item\":\"https:\\\/\\\/www.vamenia.de\\\/magazin\\\/\"},{\"@type\":\"ListItem\",\"position\":2,\"name\":\"Unsere Stores\",\"item\":\"https:\\\/\\\/www.vamenia.de\\\/magazin\\\/vamenia-stores\\\/\"},{\"@type\":\"ListItem\",\"position\":3,\"name\":\"HOTEL ATLANTIC HAMBURG\"}]},{\"@type\":\"WebSite\",\"@id\":\"https:\\\/\\\/www.vamenia.de\\\/magazin\\\/#website\",\"url\":\"https:\\\/\\\/www.vamenia.de\\\/magazin\\\/\",\"name\":\"VAMENIA Magazin\",\"description\":\"In unserem Magazin erhalten Sie exklusive Einblicke in Kollektionen, Produktion, Mitarbeiter und Zukunftsprojekten von VAMENIA.\",\"potentialAction\":[{\"@type\":\"SearchAction\",\"target\":{\"@type\":\"EntryPoint\",\"urlTemplate\":\"https:\\\/\\\/www.vamenia.de\\\/magazin\\\/?s={search_term_string}\"},\"query-input\":{\"@type\":\"PropertyValueSpecification\",\"valueRequired\":true,\"valueName\":\"search_term_string\"}}],\"inLanguage\":\"de\"}]}<\/script>\n<!-- \/ Yoast SEO plugin. -->","yoast_head_json":{"title":"HOTEL ATLANTIC HAMBURG - VAMENIA Magazin","robots":{"index":"index","follow":"follow","max-snippet":"max-snippet:-1","max-image-preview":"max-image-preview:large","max-video-preview":"max-video-preview:-1"},"canonical":"https:\/\/www.vamenia.de\/magazin\/vamenia-stores\/atlantic\/","og_locale":"de_DE","og_type":"article","og_title":"HOTEL ATLANTIC HAMBURG - VAMENIA Magazin","og_description":"Das wei\u00dfe Schloss an der Alster Auf einzigartige Weise vereint das Hotel Atlantic die Tradition mit der Moderne und repr\u00e4sentiert mehr als zuvor exquisiten Grandhotel Stil mit europ\u00e4ischem Flair. Direkt an der Au\u00dfenalster gelegen, stellt es seit 1909 einen eindrucksvollen Ort inmitten der Hansestadt dar. Das Hotel vermittelt Echtheit, Aufregung und doch zu gleich Ruhe [&hellip;]","og_url":"https:\/\/www.vamenia.de\/magazin\/vamenia-stores\/atlantic\/","og_site_name":"VAMENIA Magazin","article_modified_time":"2021-12-03T16:40:53+00:00","og_image":[{"url":"https:\/\/www.vamenia.de\/magazin\/wp-content\/uploads\/2021\/11\/Hotel_Atlantic_VAMENIA1-1024x682.jpg","type":"","width":"","height":""}],"twitter_card":"summary_large_image","twitter_misc":{"Gesch\u00e4tzte Lesezeit":"1\u00a0Minute"},"schema":{"@context":"https:\/\/schema.org","@graph":[{"@type":"WebPage","@id":"https:\/\/www.vamenia.de\/magazin\/vamenia-stores\/atlantic\/","url":"https:\/\/www.vamenia.de\/magazin\/vamenia-stores\/atlantic\/","name":"HOTEL ATLANTIC HAMBURG - VAMENIA Magazin","isPartOf":{"@id":"https:\/\/www.vamenia.de\/magazin\/#website"},"primaryImageOfPage":{"@id":"https:\/\/www.vamenia.de\/magazin\/vamenia-stores\/atlantic\/#primaryimage"},"image":{"@id":"https:\/\/www.vamenia.de\/magazin\/vamenia-stores\/atlantic\/#primaryimage"},"thumbnailUrl":"https:\/\/www.vamenia.de\/magazin\/wp-content\/uploads\/2021\/11\/Hotel_Atlantic_VAMENIA1-1024x682.jpg","datePublished":"2021-11-24T17:22:02+00:00","dateModified":"2021-12-03T16:40:53+00:00","breadcrumb":{"@id":"https:\/\/www.vamenia.de\/magazin\/vamenia-stores\/atlantic\/#breadcrumb"},"inLanguage":"de","potentialAction":[{"@type":"ReadAction","target":["https:\/\/www.vamenia.de\/magazin\/vamenia-stores\/atlantic\/"]}]},{"@type":"ImageObject","inLanguage":"de","@id":"https:\/\/www.vamenia.de\/magazin\/vamenia-stores\/atlantic\/#primaryimage","url":"https:\/\/www.vamenia.de\/magazin\/wp-content\/uploads\/2021\/11\/Hotel_Atlantic_VAMENIA1-1024x682.jpg","contentUrl":"https:\/\/www.vamenia.de\/magazin\/wp-content\/uploads\/2021\/11\/Hotel_Atlantic_VAMENIA1-1024x682.jpg"},{"@type":"BreadcrumbList","@id":"https:\/\/www.vamenia.de\/magazin\/vamenia-stores\/atlantic\/#breadcrumb","itemListElement":[{"@type":"ListItem","position":1,"name":"Startseite","item":"https:\/\/www.vamenia.de\/magazin\/"},{"@type":"ListItem","position":2,"name":"Unsere Stores","item":"https:\/\/www.vamenia.de\/magazin\/vamenia-stores\/"},{"@type":"ListItem","position":3,"name":"HOTEL ATLANTIC HAMBURG"}]},{"@type":"WebSite","@id":"https:\/\/www.vamenia.de\/magazin\/#website","url":"https:\/\/www.vamenia.de\/magazin\/","name":"VAMENIA Magazin","description":"In unserem Magazin erhalten Sie exklusive Einblicke in Kollektionen, Produktion, Mitarbeiter und Zukunftsprojekten von VAMENIA.","potentialAction":[{"@type":"SearchAction","target":{"@type":"EntryPoint","urlTemplate":"https:\/\/www.vamenia.de\/magazin\/?s={search_term_string}"},"query-input":{"@type":"PropertyValueSpecification","valueRequired":true,"valueName":"search_term_string"}}],"inLanguage":"de"}]}},"_links":{"self":[{"href":"https:\/\/www.vamenia.de\/magazin\/wp-json\/wp\/v2\/pages\/243","targetHints":{"allow":["GET"]}}],"collection":[{"href":"https:\/\/www.vamenia.de\/magazin\/wp-json\/wp\/v2\/pages"}],"about":[{"href":"https:\/\/www.vamenia.de\/magazin\/wp-json\/wp\/v2\/types\/page"}],"author":[{"embeddable":true,"href":"https:\/\/www.vamenia.de\/magazin\/wp-json\/wp\/v2\/users\/1"}],"replies":[{"embeddable":true,"href":"https:\/\/www.vamenia.de\/magazin\/wp-json\/wp\/v2\/comments?post=243"}],"version-history":[{"count":20,"href":"https:\/\/www.vamenia.de\/magazin\/wp-json\/wp\/v2\/pages\/243\/revisions"}],"predecessor-version":[{"id":298,"href":"https:\/\/www.vamenia.de\/magazin\/wp-json\/wp\/v2\/pages\/243\/revisions\/298"}],"up":[{"embeddable":true,"href":"https:\/\/www.vamenia.de\/magazin\/wp-json\/wp\/v2\/pages\/181"}],"wp:attachment":[{"href":"https:\/\/www.vamenia.de\/magazin\/wp-json\/wp\/v2\/media?parent=243"}],"curies":[{"name":"wp","href":"https:\/\/api.w.org\/{rel}","templated":true}]}}