{"id":181,"date":"2021-11-24T14:26:59","date_gmt":"2021-11-24T13:26:59","guid":{"rendered":"https:\/\/www.vamenia.de\/magazin\/?page_id=181"},"modified":"2025-03-04T11:09:57","modified_gmt":"2025-03-04T10:09:57","slug":"vamenia-stores","status":"publish","type":"page","link":"https:\/\/www.vamenia.de\/magazin\/vamenia-stores\/","title":{"rendered":"Unsere Stores"},"content":{"rendered":"<div class=\"vce-row-container\"><div class=\"vce-row vce-row--col-gap-30 vce-row-equal-height vce-row-content--top\" data-vce-full-width=\"true\" data-vce-stretch-content=\"true\" id=\"el-edc95e0f\" data-vce-do-apply=\"all el-edc95e0f\"><div class=\"vce-row-content\" data-vce-element-content=\"true\"><div class=\"vce-col vce-col--md-auto vce-col--xs-1 vce-col--xs-last vce-col--xs-first vce-col--sm-last vce-col--sm-first vce-col--md-last vce-col--lg-last vce-col--xl-last vce-col--md-first vce-col--lg-first vce-col--xl-first\" id=\"el-a7b046ea\"><div class=\"vce-col-inner\" data-vce-do-apply=\"border margin background  el-a7b046ea\"><div class=\"vce-col-content\" data-vce-element-content=\"true\" data-vce-do-apply=\"padding el-a7b046ea\"><div class=\"vce-text-block\"><div class=\"vce-text-block-wrapper vce\" id=\"el-b7718333\" data-vce-do-apply=\"all el-b7718333\">\n<p class=\"has-text-align-center\" style=\"font-size: 17px;\"><span style=\"font-size: inherit;\">Unsere Stores und Verkaufspl\u00e4tze<br><\/span><\/p>\n\n<figure class=\"wp-block-image size-large\"><a href=\"https:\/\/www.vamenia.de\/magazin\/vamenia-stores\/hamburg-flagship-store\/\"><img decoding=\"async\" class=\"wp-image-834\" src=\"https:\/\/www.vamenia.de\/magazin\/wp-content\/uploads\/2024\/05\/VAMENIA_Store_Neuer-Wall-69_Hamburg--1024x770.jpg\" alt=\"\"><\/a>\n<figcaption>Hamburg<\/figcaption>\n<\/figure>\n\n<p class=\"has-text-align-center has-medium-font-size\"><a href=\"https:\/\/www.vamenia.de\/magazin\/vamenia-stores\/hamburg-flagship-store\/\">VAMENIA Flagship Store Hamburg<\/a><br><br><br><\/p>\n<p class=\"has-text-align-center has-medium-font-size\"><\/p>\n<figure class=\"wp-block-image size-large\"><img loading=\"lazy\" decoding=\"async\" width=\"1024\" height=\"770\" class=\"wp-image-802\" src=\"https:\/\/www.vamenia.de\/magazin\/wp-content\/uploads\/2024\/02\/VAMENIA_Store_AEZ_Hamburg-1024x770.jpg\" alt=\"\" srcset=\"https:\/\/www.vamenia.de\/magazin\/wp-content\/uploads\/2024\/02\/VAMENIA_Store_AEZ_Hamburg-1024x770.jpg 1024w, https:\/\/www.vamenia.de\/magazin\/wp-content\/uploads\/2024\/02\/VAMENIA_Store_AEZ_Hamburg-300x225.jpg 300w, https:\/\/www.vamenia.de\/magazin\/wp-content\/uploads\/2024\/02\/VAMENIA_Store_AEZ_Hamburg-768x577.jpg 768w, https:\/\/www.vamenia.de\/magazin\/wp-content\/uploads\/2024\/02\/VAMENIA_Store_AEZ_Hamburg-1536x1154.jpg 1536w, https:\/\/www.vamenia.de\/magazin\/wp-content\/uploads\/2024\/02\/VAMENIA_Store_AEZ_Hamburg-320x240.jpg 320w, https:\/\/www.vamenia.de\/magazin\/wp-content\/uploads\/2024\/02\/VAMENIA_Store_AEZ_Hamburg-480x361.jpg 480w, https:\/\/www.vamenia.de\/magazin\/wp-content\/uploads\/2024\/02\/VAMENIA_Store_AEZ_Hamburg-800x601.jpg 800w, https:\/\/www.vamenia.de\/magazin\/wp-content\/uploads\/2024\/02\/VAMENIA_Store_AEZ_Hamburg.jpg 2048w\" sizes=\"auto, (max-width: 1024px) 100vw, 1024px\" \/>\n<figcaption>Alstertal-Einkaufszentrum AEZ, Heegbarg 31, 22391 Hamburg<\/figcaption>\n<\/figure>\n<p class=\"has-text-align-center has-medium-font-size\"><\/p>\n<p class=\"has-text-align-center has-medium-font-size\"><a href=\"https:\/\/www.vamenia.de\/magazin\/vamenia-stores\/hamburg\/\">VAMENIA Store im Alstertal-Einkaufszentrum<\/a><br><br><br><\/p>\n\n<figure class=\"wp-block-image size-large\"><a href=\"https:\/\/www.vamenia.de\/magazin\/vamenia-stores\/hamburg\/\"><img loading=\"lazy\" decoding=\"async\" width=\"1024\" height=\"770\" class=\"wp-image-202\" src=\"https:\/\/www.vamenia.de\/magazin\/wp-content\/uploads\/2021\/11\/0B1A9904-1024x770.jpg\" alt=\"\" srcset=\"https:\/\/www.vamenia.de\/magazin\/wp-content\/uploads\/2021\/11\/0B1A9904-1024x770.jpg 1024w, https:\/\/www.vamenia.de\/magazin\/wp-content\/uploads\/2021\/11\/0B1A9904-300x225.jpg 300w, https:\/\/www.vamenia.de\/magazin\/wp-content\/uploads\/2021\/11\/0B1A9904-768x577.jpg 768w, https:\/\/www.vamenia.de\/magazin\/wp-content\/uploads\/2021\/11\/0B1A9904-1536x1154.jpg 1536w, https:\/\/www.vamenia.de\/magazin\/wp-content\/uploads\/2021\/11\/0B1A9904-2048x1539.jpg 2048w\" sizes=\"auto, (max-width: 1024px) 100vw, 1024px\" \/><\/a>\n<figcaption>-Geschlossen seit M\u00e4rz 2024- G\u00e4nsemarkt 19, Hamburg<\/figcaption>\n<\/figure>\n\n<p class=\"has-text-align-center has-medium-font-size\"><a href=\"https:\/\/www.vamenia.de\/magazin\/vamenia-stores\/hamburg\/\">VAMENIA Store Hamburg<br><br><br><\/a><\/p>\n\n<div class=\"wp-block-image\">\n<figure class=\"aligncenter\"><a href=\"https:\/\/www.vamenia.de\/magazin\/vamenia-stores\/atlantic\/\"><img loading=\"lazy\" decoding=\"async\" width=\"1024\" height=\"682\" class=\"wp-image-244\" src=\"https:\/\/www.vamenia.de\/magazin\/wp-content\/uploads\/2021\/11\/Hotel_Atlantic_VAMENIA1-1024x682.jpg\" alt=\"\" srcset=\"https:\/\/www.vamenia.de\/magazin\/wp-content\/uploads\/2021\/11\/Hotel_Atlantic_VAMENIA1-1024x682.jpg 1024w, https:\/\/www.vamenia.de\/magazin\/wp-content\/uploads\/2021\/11\/Hotel_Atlantic_VAMENIA1-300x200.jpg 300w, https:\/\/www.vamenia.de\/magazin\/wp-content\/uploads\/2021\/11\/Hotel_Atlantic_VAMENIA1-768x512.jpg 768w, https:\/\/www.vamenia.de\/magazin\/wp-content\/uploads\/2021\/11\/Hotel_Atlantic_VAMENIA1-1536x1024.jpg 1536w, https:\/\/www.vamenia.de\/magazin\/wp-content\/uploads\/2021\/11\/Hotel_Atlantic_VAMENIA1-2048x1365.jpg 2048w, https:\/\/www.vamenia.de\/magazin\/wp-content\/uploads\/2021\/11\/Hotel_Atlantic_VAMENIA1-735x490.jpg 735w\" sizes=\"auto, (max-width: 1024px) 100vw, 1024px\" \/><\/a>\n<figcaption>An der Alster 72-79, Hamburg<\/figcaption>\n<\/figure>\n<\/div>\n\n<p class=\"has-text-align-center has-medium-font-size\"><a href=\"https:\/\/www.vamenia.de\/magazin\/vamenia-stores\/atlantic\/\">Hotel Atlantic Hamburg <\/a><\/p>\n<div class=\"wp-block-image\">\n<figure class=\"aligncenter\"><br><br><br><img loading=\"lazy\" decoding=\"async\" class=\"alignnone wp-image-1023\" src=\"https:\/\/www.vamenia.de\/magazin\/wp-content\/uploads\/2024\/07\/Fischerreihafen-Restaurant-Vamenia-2-300x200.jpg\" alt=\"\" width=\"1024\" height=\"683\" srcset=\"https:\/\/www.vamenia.de\/magazin\/wp-content\/uploads\/2024\/07\/Fischerreihafen-Restaurant-Vamenia-2-300x200.jpg 300w, https:\/\/www.vamenia.de\/magazin\/wp-content\/uploads\/2024\/07\/Fischerreihafen-Restaurant-Vamenia-2-1024x683.jpg 1024w, https:\/\/www.vamenia.de\/magazin\/wp-content\/uploads\/2024\/07\/Fischerreihafen-Restaurant-Vamenia-2-768x512.jpg 768w, https:\/\/www.vamenia.de\/magazin\/wp-content\/uploads\/2024\/07\/Fischerreihafen-Restaurant-Vamenia-2-1536x1024.jpg 1536w, https:\/\/www.vamenia.de\/magazin\/wp-content\/uploads\/2024\/07\/Fischerreihafen-Restaurant-Vamenia-2-320x213.jpg 320w, https:\/\/www.vamenia.de\/magazin\/wp-content\/uploads\/2024\/07\/Fischerreihafen-Restaurant-Vamenia-2-480x320.jpg 480w, https:\/\/www.vamenia.de\/magazin\/wp-content\/uploads\/2024\/07\/Fischerreihafen-Restaurant-Vamenia-2-800x533.jpg 800w, https:\/\/www.vamenia.de\/magazin\/wp-content\/uploads\/2024\/07\/Fischerreihafen-Restaurant-Vamenia-2-735x490.jpg 735w, https:\/\/www.vamenia.de\/magazin\/wp-content\/uploads\/2024\/07\/Fischerreihafen-Restaurant-Vamenia-2.jpg 2048w\" sizes=\"auto, (max-width: 1024px) 100vw, 1024px\" \/><br><br><span style=\"text-align: center;\">Gro\u00dfe Elbstra\u00dfe143, Hamburg<\/span><\/figure>\n<\/div>\n<div class=\"wp-block-spacer\" style=\"height: 43px;\" aria-hidden=\"true\">\n<p class=\"has-text-align-center has-medium-font-size\"><br><a href=\"https:\/\/www.fischereihafenrestaurant.de\">Fischereihafen Restaurant Hamburg<\/a><\/p>\n<\/div>\n\n<p>&nbsp;<\/p>\n<\/div><\/div><\/div><\/div><\/div><\/div><\/div><\/div>","protected":false},"excerpt":{"rendered":"<p>Unsere Stores und Verkaufspl\u00e4tze VAMENIA Flagship Store Hamburg VAMENIA Store im Alstertal-Einkaufszentrum VAMENIA Store Hamburg Hotel Atlantic Hamburg Gro\u00dfe Elbstra\u00dfe143, Hamburg Fischereihafen Restaurant Hamburg &nbsp;<\/p>\n","protected":false},"author":1,"featured_media":0,"parent":0,"menu_order":0,"comment_status":"closed","ping_status":"closed","template":"","meta":{"cybocfi_hide_featured_image":"","footnotes":""},"class_list":["post-181","page","type-page","status-publish","hentry"],"yoast_head":"<!-- This site is optimized with the Yoast SEO plugin v27.5 - https:\/\/yoast.com\/product\/yoast-seo-wordpress\/ -->\n<title>Unsere Stores - VAMENIA Magazin<\/title>\n<meta name=\"description\" content=\"Unsere Artikel sind nur in ausgew\u00e4hlten Gesch\u00e4ften, Hotel und Botiquen erh\u00e4ltlich. Auf der nachfolgenden Seite finde Sie eine \u00dcbersicht der Standorte.\" \/>\n<meta name=\"robots\" content=\"index, follow, max-snippet:-1, max-image-preview:large, max-video-preview:-1\" \/>\n<link rel=\"canonical\" href=\"https:\/\/www.vamenia.de\/magazin\/vamenia-stores\/\" \/>\n<meta property=\"og:locale\" content=\"de_DE\" \/>\n<meta property=\"og:type\" content=\"article\" \/>\n<meta property=\"og:title\" content=\"Unsere Stores - VAMENIA Magazin\" \/>\n<meta property=\"og:description\" content=\"Unsere Artikel sind nur in ausgew\u00e4hlten Gesch\u00e4ften, Hotel und Botiquen erh\u00e4ltlich. Auf der nachfolgenden Seite finde Sie eine \u00dcbersicht der Standorte.\" \/>\n<meta property=\"og:url\" content=\"https:\/\/www.vamenia.de\/magazin\/vamenia-stores\/\" \/>\n<meta property=\"og:site_name\" content=\"VAMENIA Magazin\" \/>\n<meta property=\"article:modified_time\" content=\"2025-03-04T10:09:57+00:00\" \/>\n<meta name=\"twitter:card\" content=\"summary_large_image\" \/>\n<meta name=\"twitter:label1\" content=\"Gesch\u00e4tzte Lesezeit\" \/>\n\t<meta name=\"twitter:data1\" content=\"2\u00a0Minuten\" \/>\n<script type=\"application\/ld+json\" class=\"yoast-schema-graph\">{\"@context\":\"https:\\\/\\\/schema.org\",\"@graph\":[{\"@type\":\"WebPage\",\"@id\":\"https:\\\/\\\/www.vamenia.de\\\/magazin\\\/vamenia-stores\\\/\",\"url\":\"https:\\\/\\\/www.vamenia.de\\\/magazin\\\/vamenia-stores\\\/\",\"name\":\"Unsere Stores - VAMENIA Magazin\",\"isPartOf\":{\"@id\":\"https:\\\/\\\/www.vamenia.de\\\/magazin\\\/#website\"},\"datePublished\":\"2021-11-24T13:26:59+00:00\",\"dateModified\":\"2025-03-04T10:09:57+00:00\",\"description\":\"Unsere Artikel sind nur in ausgew\u00e4hlten Gesch\u00e4ften, Hotel und Botiquen erh\u00e4ltlich. Auf der nachfolgenden Seite finde Sie eine \u00dcbersicht der Standorte.\",\"breadcrumb\":{\"@id\":\"https:\\\/\\\/www.vamenia.de\\\/magazin\\\/vamenia-stores\\\/#breadcrumb\"},\"inLanguage\":\"de\",\"potentialAction\":[{\"@type\":\"ReadAction\",\"target\":[\"https:\\\/\\\/www.vamenia.de\\\/magazin\\\/vamenia-stores\\\/\"]}]},{\"@type\":\"BreadcrumbList\",\"@id\":\"https:\\\/\\\/www.vamenia.de\\\/magazin\\\/vamenia-stores\\\/#breadcrumb\",\"itemListElement\":[{\"@type\":\"ListItem\",\"position\":1,\"name\":\"Startseite\",\"item\":\"https:\\\/\\\/www.vamenia.de\\\/magazin\\\/\"},{\"@type\":\"ListItem\",\"position\":2,\"name\":\"Unsere Stores\"}]},{\"@type\":\"WebSite\",\"@id\":\"https:\\\/\\\/www.vamenia.de\\\/magazin\\\/#website\",\"url\":\"https:\\\/\\\/www.vamenia.de\\\/magazin\\\/\",\"name\":\"VAMENIA Magazin\",\"description\":\"In unserem Magazin erhalten Sie exklusive Einblicke in Kollektionen, Produktion, Mitarbeiter und Zukunftsprojekten von VAMENIA.\",\"potentialAction\":[{\"@type\":\"SearchAction\",\"target\":{\"@type\":\"EntryPoint\",\"urlTemplate\":\"https:\\\/\\\/www.vamenia.de\\\/magazin\\\/?s={search_term_string}\"},\"query-input\":{\"@type\":\"PropertyValueSpecification\",\"valueRequired\":true,\"valueName\":\"search_term_string\"}}],\"inLanguage\":\"de\"}]}<\/script>\n<!-- \/ Yoast SEO plugin. -->","yoast_head_json":{"title":"Unsere Stores - VAMENIA Magazin","description":"Unsere Artikel sind nur in ausgew\u00e4hlten Gesch\u00e4ften, Hotel und Botiquen erh\u00e4ltlich. Auf der nachfolgenden Seite finde Sie eine \u00dcbersicht der Standorte.","robots":{"index":"index","follow":"follow","max-snippet":"max-snippet:-1","max-image-preview":"max-image-preview:large","max-video-preview":"max-video-preview:-1"},"canonical":"https:\/\/www.vamenia.de\/magazin\/vamenia-stores\/","og_locale":"de_DE","og_type":"article","og_title":"Unsere Stores - VAMENIA Magazin","og_description":"Unsere Artikel sind nur in ausgew\u00e4hlten Gesch\u00e4ften, Hotel und Botiquen erh\u00e4ltlich. Auf der nachfolgenden Seite finde Sie eine \u00dcbersicht der Standorte.","og_url":"https:\/\/www.vamenia.de\/magazin\/vamenia-stores\/","og_site_name":"VAMENIA Magazin","article_modified_time":"2025-03-04T10:09:57+00:00","twitter_card":"summary_large_image","twitter_misc":{"Gesch\u00e4tzte Lesezeit":"2\u00a0Minuten"},"schema":{"@context":"https:\/\/schema.org","@graph":[{"@type":"WebPage","@id":"https:\/\/www.vamenia.de\/magazin\/vamenia-stores\/","url":"https:\/\/www.vamenia.de\/magazin\/vamenia-stores\/","name":"Unsere Stores - VAMENIA Magazin","isPartOf":{"@id":"https:\/\/www.vamenia.de\/magazin\/#website"},"datePublished":"2021-11-24T13:26:59+00:00","dateModified":"2025-03-04T10:09:57+00:00","description":"Unsere Artikel sind nur in ausgew\u00e4hlten Gesch\u00e4ften, Hotel und Botiquen erh\u00e4ltlich. Auf der nachfolgenden Seite finde Sie eine \u00dcbersicht der Standorte.","breadcrumb":{"@id":"https:\/\/www.vamenia.de\/magazin\/vamenia-stores\/#breadcrumb"},"inLanguage":"de","potentialAction":[{"@type":"ReadAction","target":["https:\/\/www.vamenia.de\/magazin\/vamenia-stores\/"]}]},{"@type":"BreadcrumbList","@id":"https:\/\/www.vamenia.de\/magazin\/vamenia-stores\/#breadcrumb","itemListElement":[{"@type":"ListItem","position":1,"name":"Startseite","item":"https:\/\/www.vamenia.de\/magazin\/"},{"@type":"ListItem","position":2,"name":"Unsere Stores"}]},{"@type":"WebSite","@id":"https:\/\/www.vamenia.de\/magazin\/#website","url":"https:\/\/www.vamenia.de\/magazin\/","name":"VAMENIA Magazin","description":"In unserem Magazin erhalten Sie exklusive Einblicke in Kollektionen, Produktion, Mitarbeiter und Zukunftsprojekten von VAMENIA.","potentialAction":[{"@type":"SearchAction","target":{"@type":"EntryPoint","urlTemplate":"https:\/\/www.vamenia.de\/magazin\/?s={search_term_string}"},"query-input":{"@type":"PropertyValueSpecification","valueRequired":true,"valueName":"search_term_string"}}],"inLanguage":"de"}]}},"_links":{"self":[{"href":"https:\/\/www.vamenia.de\/magazin\/wp-json\/wp\/v2\/pages\/181","targetHints":{"allow":["GET"]}}],"collection":[{"href":"https:\/\/www.vamenia.de\/magazin\/wp-json\/wp\/v2\/pages"}],"about":[{"href":"https:\/\/www.vamenia.de\/magazin\/wp-json\/wp\/v2\/types\/page"}],"author":[{"embeddable":true,"href":"https:\/\/www.vamenia.de\/magazin\/wp-json\/wp\/v2\/users\/1"}],"replies":[{"embeddable":true,"href":"https:\/\/www.vamenia.de\/magazin\/wp-json\/wp\/v2\/comments?post=181"}],"version-history":[{"count":30,"href":"https:\/\/www.vamenia.de\/magazin\/wp-json\/wp\/v2\/pages\/181\/revisions"}],"predecessor-version":[{"id":1043,"href":"https:\/\/www.vamenia.de\/magazin\/wp-json\/wp\/v2\/pages\/181\/revisions\/1043"}],"wp:attachment":[{"href":"https:\/\/www.vamenia.de\/magazin\/wp-json\/wp\/v2\/media?parent=181"}],"curies":[{"name":"wp","href":"https:\/\/api.w.org\/{rel}","templated":true}]}}